{"id":22748,"date":"2024-10-07T11:49:10","date_gmt":"2024-10-07T11:49:10","guid":{"rendered":"https:\/\/www.4ever-academy.de\/product\/ultrason-2\/"},"modified":"2024-10-07T11:49:10","modified_gmt":"2024-10-07T11:49:10","slug":"ultrason-2","status":"publish","type":"product","link":"https:\/\/www.4ever-academy.de\/tr\/product\/ultrason-2\/","title":{"rendered":"Ultrason"},"content":{"rendered":"<div class=\"elementor-element elementor-element-6d10b0aa elementor-widget elementor-widget-woocommerce-product-short-description\" data-id=\"6d10b0aa\" data-element_type=\"widget\" data-widget_type=\"woocommerce-product-short-description.default\">\n<div class=\"elementor-widget-container\">\n<div class=\"woocommerce-product-details__short-description\">\n<p>NiSV ultrason kursu, ultrason ekipman\u0131yla \u00e7al\u0131\u015fmak i\u00e7in bir \u00f6n ko\u015fuldur. Ultrasonun fiziksel prensipleri konusunda e\u011fitim. Ultrasonun doku \u00fczerindeki etkisi hakk\u0131nda ek e\u011fitim materyali.<\/p>\n<p>\u201cDeri ve ekleri ile \u00e7al\u0131\u015fman\u0131n temelleri\u201d mod\u00fcl\u00fc \u2018Ultrason\u2019 i\u00e7in temel olu\u015fturmaktad\u0131r.<\/p>\n<\/div>\n<\/div>\n<\/div>\n","protected":false},"excerpt":{"rendered":"<p>NiSV ultrason kursu, ultrason ekipman\u0131yla \u00e7al\u0131\u015fmak i\u00e7in bir \u00f6n ko\u015fuldur. Ultrasonun fiziksel prensipleri konusunda e\u011fitim. Ultrasonun doku \u00fczerindeki etkisi hakk\u0131nda ek e\u011fitim materyali.<\/p>\n<p>\u201cDeri ve ekleri ile \u00e7al\u0131\u015fman\u0131n temelleri\u201d mod\u00fcl\u00fc \u2018Ultrason\u2019 i\u00e7in temel olu\u015fturmaktad\u0131r.<\/p>\n","protected":false},"featured_media":21609,"template":"","meta":{"inline_featured_image":false},"product_brand":[],"product_cat":[118],"product_tag":[123],"class_list":{"0":"post-22748","1":"product","2":"type-product","3":"status-publish","4":"has-post-thumbnail","6":"product_cat-ar","7":"product_tag-us-ar","9":"first","10":"instock","11":"shipping-taxable","12":"product-type-simple"},"_links":{"self":[{"href":"https:\/\/www.4ever-academy.de\/tr\/wp-json\/wp\/v2\/product\/22748","targetHints":{"allow":["GET"]}}],"collection":[{"href":"https:\/\/www.4ever-academy.de\/tr\/wp-json\/wp\/v2\/product"}],"about":[{"href":"https:\/\/www.4ever-academy.de\/tr\/wp-json\/wp\/v2\/types\/product"}],"wp:featuredmedia":[{"embeddable":true,"href":"https:\/\/www.4ever-academy.de\/tr\/wp-json\/wp\/v2\/media\/21609"}],"wp:attachment":[{"href":"https:\/\/www.4ever-academy.de\/tr\/wp-json\/wp\/v2\/media?parent=22748"}],"wp:term":[{"taxonomy":"product_brand","embeddable":true,"href":"https:\/\/www.4ever-academy.de\/tr\/wp-json\/wp\/v2\/product_brand?post=22748"},{"taxonomy":"product_cat","embeddable":true,"href":"https:\/\/www.4ever-academy.de\/tr\/wp-json\/wp\/v2\/product_cat?post=22748"},{"taxonomy":"product_tag","embeddable":true,"href":"https:\/\/www.4ever-academy.de\/tr\/wp-json\/wp\/v2\/product_tag?post=22748"}],"curies":[{"name":"wp","href":"https:\/\/api.w.org\/{rel}","templated":true}]}}