{"id":22001,"date":"2024-07-09T11:01:11","date_gmt":"2024-07-09T11:01:11","guid":{"rendered":"https:\/\/www.4ever-academy.de\/?post_type=product&#038;p=22001"},"modified":"2025-01-22T09:05:37","modified_gmt":"2025-01-22T09:05:37","slug":"ultrason","status":"publish","type":"product","link":"https:\/\/www.4ever-academy.de\/tr\/product\/ultrason\/","title":{"rendered":"Ultrason"},"content":{"rendered":"<p>NiSV ultrason kursu, ultrason ekipman\u0131yla \u00e7al\u0131\u015fmak i\u00e7in bir \u00f6n ko\u015fuldur. Ultrasonun fiziksel prensipleri konusunda e\u011fitim. Ultrasonun doku \u00fczerindeki etkisi hakk\u0131nda ek e\u011fitim materyali.<\/p>\n<p>\u201cDeri ve ekleri ile \u00e7al\u0131\u015fman\u0131n temelleri\u201d mod\u00fcl\u00fc \u2018Ultrason\u2019 i\u00e7in temel olu\u015fturmaktad\u0131r.<\/p>\n","protected":false},"excerpt":{"rendered":"<p>NiSV ultrason kursu, ultrason ekipman\u0131yla \u00e7al\u0131\u015fmak i\u00e7in bir \u00f6n ko\u015fuldur. Ultrasonun fiziksel prensipleri konusunda e\u011fitim. Ultrasonun doku \u00fczerindeki etkisi hakk\u0131nda ek e\u011fitim materyali.<\/p>\n<p>\u201cDeri ve ekleri ile \u00e7al\u0131\u015fman\u0131n temelleri\u201d mod\u00fcl\u00fc \u2018Ultrason\u2019 i\u00e7in temel olu\u015fturmaktad\u0131r.<\/p>\n","protected":false},"featured_media":21609,"template":"","meta":{"inline_featured_image":false},"product_brand":[],"product_cat":[120],"product_tag":[103],"class_list":{"0":"post-22001","1":"product","2":"type-product","3":"status-publish","4":"has-post-thumbnail","6":"product_cat-tr","7":"product_tag-us-tr","9":"first","10":"instock","11":"downloadable","12":"virtual","13":"purchasable","14":"product-type-simple"},"_links":{"self":[{"href":"https:\/\/www.4ever-academy.de\/tr\/wp-json\/wp\/v2\/product\/22001","targetHints":{"allow":["GET"]}}],"collection":[{"href":"https:\/\/www.4ever-academy.de\/tr\/wp-json\/wp\/v2\/product"}],"about":[{"href":"https:\/\/www.4ever-academy.de\/tr\/wp-json\/wp\/v2\/types\/product"}],"wp:featuredmedia":[{"embeddable":true,"href":"https:\/\/www.4ever-academy.de\/tr\/wp-json\/wp\/v2\/media\/21609"}],"wp:attachment":[{"href":"https:\/\/www.4ever-academy.de\/tr\/wp-json\/wp\/v2\/media?parent=22001"}],"wp:term":[{"taxonomy":"product_brand","embeddable":true,"href":"https:\/\/www.4ever-academy.de\/tr\/wp-json\/wp\/v2\/product_brand?post=22001"},{"taxonomy":"product_cat","embeddable":true,"href":"https:\/\/www.4ever-academy.de\/tr\/wp-json\/wp\/v2\/product_cat?post=22001"},{"taxonomy":"product_tag","embeddable":true,"href":"https:\/\/www.4ever-academy.de\/tr\/wp-json\/wp\/v2\/product_tag?post=22001"}],"curies":[{"name":"wp","href":"https:\/\/api.w.org\/{rel}","templated":true}]}}