{"id":22000,"date":"2024-07-09T10:59:21","date_gmt":"2024-07-09T10:59:21","guid":{"rendered":"https:\/\/www.4ever-academy.de\/?post_type=product&#038;p=22000"},"modified":"2025-01-22T09:12:05","modified_gmt":"2025-01-22T09:12:05","slug":"kozmetiklerde-emf","status":"publish","type":"product","link":"https:\/\/www.4ever-academy.de\/tr\/product\/kozmetiklerde-emf\/","title":{"rendered":"Kozmetiklerde EMF"},"content":{"rendered":"<p>NiSV&#8217;nin \u201cKozmetikte EMF\u201d kursu, HF cihazlar\u0131 ile \u00e7al\u0131\u015fmak i\u00e7in gereklidir. Mod\u00fcl, alanlar\u0131n doku ve organlar \u00fczerindeki etkisi hakk\u0131nda bilgi sa\u011flar.<\/p>\n<p>\u201cDeri ve uzant\u0131lar\u0131n\u0131n temelleri\u201d mod\u00fcl\u00fc \u2018Kozmetikte EMA\u2019 kursunun temelini olu\u015fturmaktad\u0131r.<\/p>\n","protected":false},"excerpt":{"rendered":"<p>NiSV&#8217;nin \u201cKozmetikte EMF\u201d kursu, HF cihazlar\u0131 ile \u00e7al\u0131\u015fmak i\u00e7in gereklidir. Mod\u00fcl, alanlar\u0131n doku ve organlar \u00fczerindeki etkisi hakk\u0131nda bilgi sa\u011flar.<\/p>\n<p>\u201cDeri ve uzant\u0131lar\u0131n\u0131n temelleri\u201d mod\u00fcl\u00fc \u2018Kozmetikte EMA\u2019 kursunun temelini olu\u015fturmaktad\u0131r.<\/p>\n","protected":false},"featured_media":21601,"template":"","meta":{"inline_featured_image":false},"product_brand":[],"product_cat":[120],"product_tag":[102],"class_list":{"0":"post-22000","1":"product","2":"type-product","3":"status-publish","4":"has-post-thumbnail","6":"product_cat-tr","7":"product_tag-emfk-tr","9":"first","10":"instock","11":"downloadable","12":"virtual","13":"purchasable","14":"product-type-simple"},"_links":{"self":[{"href":"https:\/\/www.4ever-academy.de\/tr\/wp-json\/wp\/v2\/product\/22000","targetHints":{"allow":["GET"]}}],"collection":[{"href":"https:\/\/www.4ever-academy.de\/tr\/wp-json\/wp\/v2\/product"}],"about":[{"href":"https:\/\/www.4ever-academy.de\/tr\/wp-json\/wp\/v2\/types\/product"}],"wp:featuredmedia":[{"embeddable":true,"href":"https:\/\/www.4ever-academy.de\/tr\/wp-json\/wp\/v2\/media\/21601"}],"wp:attachment":[{"href":"https:\/\/www.4ever-academy.de\/tr\/wp-json\/wp\/v2\/media?parent=22000"}],"wp:term":[{"taxonomy":"product_brand","embeddable":true,"href":"https:\/\/www.4ever-academy.de\/tr\/wp-json\/wp\/v2\/product_brand?post=22000"},{"taxonomy":"product_cat","embeddable":true,"href":"https:\/\/www.4ever-academy.de\/tr\/wp-json\/wp\/v2\/product_cat?post=22000"},{"taxonomy":"product_tag","embeddable":true,"href":"https:\/\/www.4ever-academy.de\/tr\/wp-json\/wp\/v2\/product_tag?post=22000"}],"curies":[{"name":"wp","href":"https:\/\/api.w.org\/{rel}","templated":true}]}}