{"id":22309,"date":"2024-08-08T21:05:39","date_gmt":"2024-08-08T21:05:39","guid":{"rendered":"https:\/\/www.4ever-academy.de\/satin-aldiginiz-icin-tesekkuerler\/"},"modified":"2024-08-08T21:05:39","modified_gmt":"2024-08-08T21:05:39","slug":"satin-aldiginiz-icin-tesekkuerler","status":"publish","type":"page","link":"https:\/\/www.4ever-academy.de\/tr\/satin-aldiginiz-icin-tesekkuerler\/","title":{"rendered":"Sat\u0131n ald\u0131\u011f\u0131n\u0131z i\u00e7in te\u015fekk\u00fcrler"},"content":{"rendered":"<p>Kursu sat\u0131n ald\u0131\u011f\u0131n\u0131z i\u00e7in te\u015fekk\u00fcr ederiz, sipari\u015finiz i\u015fleme al\u0131nacakt\u0131r.<\/p>\n","protected":false},"excerpt":{"rendered":"<p>Kursu sat\u0131n ald\u0131\u011f\u0131n\u0131z i\u00e7in te\u015fekk\u00fcr ederiz, sipari\u015finiz i\u015fleme al\u0131nacakt\u0131r.<\/p>\n","protected":false},"author":27,"featured_media":0,"parent":0,"menu_order":0,"comment_status":"closed","ping_status":"closed","template":"","meta":{"inline_featured_image":false,"productId":0,"courseId":0,"footnotes":""},"class_list":["post-22309","page","type-page","status-publish","hentry"],"_links":{"self":[{"href":"https:\/\/www.4ever-academy.de\/tr\/wp-json\/wp\/v2\/pages\/22309","targetHints":{"allow":["GET"]}}],"collection":[{"href":"https:\/\/www.4ever-academy.de\/tr\/wp-json\/wp\/v2\/pages"}],"about":[{"href":"https:\/\/www.4ever-academy.de\/tr\/wp-json\/wp\/v2\/types\/page"}],"author":[{"embeddable":true,"href":"https:\/\/www.4ever-academy.de\/tr\/wp-json\/wp\/v2\/users\/27"}],"replies":[{"embeddable":true,"href":"https:\/\/www.4ever-academy.de\/tr\/wp-json\/wp\/v2\/comments?post=22309"}],"version-history":[{"count":0,"href":"https:\/\/www.4ever-academy.de\/tr\/wp-json\/wp\/v2\/pages\/22309\/revisions"}],"wp:attachment":[{"href":"https:\/\/www.4ever-academy.de\/tr\/wp-json\/wp\/v2\/media?parent=22309"}],"curies":[{"name":"wp","href":"https:\/\/api.w.org\/{rel}","templated":true}]}}