{"id":21019,"date":"2024-04-11T22:53:27","date_gmt":"2024-04-11T22:53:27","guid":{"rendered":"https:\/\/www.4ever-academy.de\/kuenye\/"},"modified":"2026-01-21T13:46:10","modified_gmt":"2026-01-21T13:46:10","slug":"kuenye","status":"publish","type":"page","link":"https:\/\/www.4ever-academy.de\/tr\/kuenye\/","title":{"rendered":"K\u00fcnye"},"content":{"rendered":"<h2>4ever Beauty Land Hakk\u0131nda Her \u015eey<\/h2>\n<p>TMG&#8217;ye (Telemediengesetz) g\u00f6re bilgiler:<\/p>\n<p><strong>Firma:<\/strong> 4Ever Services GmbH<\/p>\n<p><strong>Firmas\u0131n\u0131n Kay\u0131tl\u0131 Adresi:<\/strong><br \/>\n4Ever Services GmbH<br \/>\nKaiserstra\u00dfe 64<br \/>\n44135 Dortmund<\/p>\n<p><strong>\u0130\u015fyeri Adresi:<\/strong><br \/>\n4Ever Beauty Land<br \/>\nSchwanenwall 8-10<br \/>\n44135 Dortmund<\/p>\n<p><strong>\u0130leti\u015fim<\/strong><\/p>\n<p><strong>Web Sitesi:<\/strong> <a href=\"https:\/\/www.4ever-academy.de\/tr\/\">www.4ever-beautyland.de<\/a>, <a href=\"https:\/\/4ever-services.de\/\" target=\"_blank\" rel=\"noopener\">www.4ever-services.de<\/a><\/p>\n<p><strong>Telefon:<\/strong> +49 231 22382585<br \/>\n<strong>E-Posta:<\/strong> info@4ever-beautyland.de<\/p>\n<p><strong>Sahip &amp; Genel M\u00fcd\u00fcr<\/strong><br \/>\nHerr Ragheb Saad<\/p>\n<p><strong>Kay\u0131t Bilgileri:<\/strong><br \/>\nTicaret Siciline Kay\u0131tl\u0131d\u0131r.<\/p>\n<p><strong>Ticaret Sicil Mahkemesi:<\/strong> Amtsgericht Dortmund<br \/>\n<strong>Sicil Numaras\u0131:<\/strong> HRB 35459<\/p>\n<p><strong>Vergi Numaras\u0131:<\/strong> 315\/5737\/0569<br \/>\n<strong>KDV Kimlik Numaras\u0131:<\/strong> DE363245915<\/p>\n<h2>Sorumluluk Reddi<\/h2>\n<p><strong>\u0130\u00e7erikten Sorumluluk<\/strong><br \/>\nSayfalar\u0131m\u0131z\u0131n i\u00e7eri\u011fi en b\u00fcy\u00fck \u00f6zenle haz\u0131rlanm\u0131\u015ft\u0131r. Ancak i\u00e7eri\u011fin do\u011frulu\u011fu, eksiksizli\u011fi ve g\u00fcncelli\u011fi konusunda herhangi bir garanti veremeyiz. Biz, bir hizmet sa\u011flay\u0131c\u0131 olarak, bu sayfalardaki kendi i\u00e7eriklerimizden genel yasalara g\u00f6re sorumluyuz (TMG Madde 7, Paragraf 1). Ancak, TMG&#8217;nin 8. ve 10. maddelerine g\u00f6re, iletilen veya depolanan yabanc\u0131 bilgileri izlemek veya hukuka ayk\u0131r\u0131 bir faaliyetin i\u015faretlerini ara\u015ft\u0131rmakla y\u00fck\u00fcml\u00fc de\u011filiz. Genel yasalara g\u00f6re bilgi kullan\u0131m\u0131n\u0131n kald\u0131r\u0131lmas\u0131 veya engellenmesiyle ilgili y\u00fck\u00fcml\u00fcl\u00fcklerden etkilenmemektedir. Ancak, bir hukuka ayk\u0131r\u0131l\u0131\u011f\u0131n fark edildi\u011fi zamandan itibaren bu t\u00fcr bir sorumluluk m\u00fcmk\u00fcnd\u00fcr. Bu t\u00fcr bir hukuka ayk\u0131r\u0131l\u0131\u011f\u0131n fark\u0131na var\u0131lmas\u0131 durumunda, ilgili i\u00e7erikleri derhal kald\u0131raca\u011f\u0131z.<\/p>\n<p><strong>Ba\u011flant\u0131lar \u0130\u00e7in Sorumluluk<\/strong><br \/>\nHizmetlerimiz, \u00fc\u00e7\u00fcnc\u00fc taraf web sitelerine ba\u011flant\u0131lar i\u00e7erebilir; ancak bu ba\u011flant\u0131lar\u0131n i\u00e7eri\u011fi \u00fczerinde kontrol\u00fcm\u00fcz yoktur. Bu nedenle, bu yabanc\u0131 i\u00e7erikler i\u00e7in herhangi bir garanti veremeyiz. Ba\u011flant\u0131 verilen sayfalar\u0131n i\u00e7eri\u011fi daima ilgili sa\u011flay\u0131c\u0131 veya i\u015fletmeci taraf\u0131ndan sorumludur. Ba\u011flant\u0131 verildi\u011fi zaman, hukuka ayk\u0131r\u0131 i\u00e7erikler tespit edilememi\u015ftir. Ancak, belirli bir hukuka ayk\u0131r\u0131l\u0131k belirtisi olmadan, ba\u011flant\u0131l\u0131 sayfalar\u0131n i\u00e7eri\u011fini s\u00fcrekli olarak kontrol etmek makul de\u011fildir. Bir hukuka ayk\u0131r\u0131l\u0131\u011f\u0131n fark\u0131na var\u0131lmas\u0131 durumunda, bu t\u00fcr ba\u011flant\u0131lar\u0131 derhal kald\u0131raca\u011f\u0131z.<\/p>\n<p><strong>Telif Hakk\u0131<\/strong><br \/>\nBu sayfalardaki sayfa i\u015fletenler taraf\u0131ndan olu\u015fturulan i\u00e7erikler ve eserler Alman telif hukukuna tabidir. \u00c7o\u011faltma, d\u00fczenleme, da\u011f\u0131t\u0131m ve telif hakk\u0131 d\u0131\u015f\u0131ndaki her t\u00fcrl\u00fc kullan\u0131m, ilgili yazar\u0131n veya olu\u015fturucunun yaz\u0131l\u0131 iznine tabidir. Bu sayfan\u0131n indirilmesi ve kopyalanmas\u0131 yaln\u0131zca \u00f6zel, ticari olmayan kullan\u0131m i\u00e7in izinlidir. Bu sayfan\u0131n i\u00e7eri\u011fi i\u015fleten taraf\u0131ndan olu\u015fturulmad\u0131ysa, \u00fc\u00e7\u00fcnc\u00fc taraflar\u0131n telif haklar\u0131 g\u00f6z \u00f6n\u00fcnde bulundurulur. \u00d6zellikle \u00fc\u00e7\u00fcnc\u00fc taraflara ait i\u00e7erikler bu \u015fekilde i\u015faretlenmi\u015ftir. Ancak, bir telif hakk\u0131 ihlali fark edilirse, l\u00fctfen bize bildirin. Bir hukuka ayk\u0131r\u0131l\u0131\u011f\u0131n fark\u0131na var\u0131lmas\u0131 durumunda, bu t\u00fcr i\u00e7erikleri derhal kald\u0131raca\u011f\u0131z.<\/p>\n","protected":false},"excerpt":{"rendered":"<p>4ever Beauty Land Hakk\u0131nda Her \u015eey TMG&#8217;ye (Telemediengesetz) g\u00f6re bilgiler: Firma: 4Ever Services GmbH Firmas\u0131n\u0131n Kay\u0131tl\u0131 Adresi: 4Ever Services GmbH Kaiserstra\u00dfe 64 44135 Dortmund \u0130\u015fyeri Adresi: 4Ever Beauty Land Schwanenwall 8-10 44135 Dortmund \u0130leti\u015fim Web Sitesi: www.4ever-beautyland.de, www.4ever-services.de Telefon: +49 231 22382585 E-Posta: info@4ever-beautyland.de Sahip &amp; Genel M\u00fcd\u00fcr Herr Ragheb Saad Kay\u0131t Bilgileri: Ticaret Siciline [&hellip;]<\/p>\n","protected":false},"author":27,"featured_media":0,"parent":0,"menu_order":0,"comment_status":"closed","ping_status":"closed","template":"","meta":{"inline_featured_image":false,"productId":0,"courseId":0,"footnotes":""},"class_list":["post-21019","page","type-page","status-publish","hentry"],"_links":{"self":[{"href":"https:\/\/www.4ever-academy.de\/tr\/wp-json\/wp\/v2\/pages\/21019","targetHints":{"allow":["GET"]}}],"collection":[{"href":"https:\/\/www.4ever-academy.de\/tr\/wp-json\/wp\/v2\/pages"}],"about":[{"href":"https:\/\/www.4ever-academy.de\/tr\/wp-json\/wp\/v2\/types\/page"}],"author":[{"embeddable":true,"href":"https:\/\/www.4ever-academy.de\/tr\/wp-json\/wp\/v2\/users\/27"}],"replies":[{"embeddable":true,"href":"https:\/\/www.4ever-academy.de\/tr\/wp-json\/wp\/v2\/comments?post=21019"}],"version-history":[{"count":4,"href":"https:\/\/www.4ever-academy.de\/tr\/wp-json\/wp\/v2\/pages\/21019\/revisions"}],"predecessor-version":[{"id":23402,"href":"https:\/\/www.4ever-academy.de\/tr\/wp-json\/wp\/v2\/pages\/21019\/revisions\/23402"}],"wp:attachment":[{"href":"https:\/\/www.4ever-academy.de\/tr\/wp-json\/wp\/v2\/media?parent=21019"}],"curies":[{"name":"wp","href":"https:\/\/api.w.org\/{rel}","templated":true}]}}