{"id":22277,"date":"2024-07-16T14:01:49","date_gmt":"2024-07-16T14:01:49","guid":{"rendered":"https:\/\/www.4ever-academy.de\/%d8%aa%d8%b3%d8%ac%d9%8a%d9%84-%d8%a7%d9%84%d8%ae%d8%b1%d9%88%d8%ac\/"},"modified":"2024-10-07T08:59:43","modified_gmt":"2024-10-07T08:59:43","slug":"%d8%aa%d8%b3%d8%ac%d9%8a%d9%84-%d8%a7%d9%84%d8%ae%d8%b1%d9%88%d8%ac","status":"publish","type":"page","link":"https:\/\/www.4ever-academy.de\/ar\/%d8%aa%d8%b3%d8%ac%d9%8a%d9%84-%d8%a7%d9%84%d8%ae%d8%b1%d9%88%d8%ac\/","title":{"rendered":"\u062a\u0633\u062c\u064a\u0644 \u0627\u0644\u062e\u0631\u0648\u062c"},"content":{"rendered":"\t\t<div data-elementor-type=\"wp-page\" data-elementor-id=\"22277\" class=\"elementor elementor-22277 elementor-21817\" data-elementor-post-type=\"page\">\n\t\t\t\t<div class=\"elementor-element elementor-element-729a35e e-flex e-con-boxed e-con e-parent\" data-id=\"729a35e\" data-element_type=\"container\" data-e-type=\"container\">\n\t\t\t\t\t<div class=\"e-con-inner\">\n\t\t\t\t\t<\/div>\n\t\t\t\t<\/div>\n\t\t<div class=\"elementor-element elementor-element-2ce283c e-flex e-con-boxed e-con e-parent\" data-id=\"2ce283c\" data-element_type=\"container\" data-e-type=\"container\">\n\t\t\t\t\t<div class=\"e-con-inner\">\n\t\t\t\t<div class=\"elementor-element elementor-element-3da8229 e-checkout-layout-two-column elementor-widget elementor-widget-woocommerce-checkout-page\" data-id=\"3da8229\" data-element_type=\"widget\" data-e-type=\"widget\" data-widget_type=\"woocommerce-checkout-page.default\">\n\t\t\t\t<div class=\"elementor-widget-container\">\n\t\t\t\t\t<div class=\"woocommerce\"><\/div>\t\t\t\t<\/div>\n\t\t\t\t<\/div>\n\t\t\t\t\t<\/div>\n\t\t\t\t<\/div>\n\t\t\t\t<\/div>\n\t\t","protected":false},"excerpt":{"rendered":"<p>\u062a\u0641\u0627\u0635\u064a\u0644 \u0627\u0644\u0641\u0648\u0627\u062a\u064a\u0631 \u0627\u0644\u0627\u0633\u0645 \u0627\u0644\u0623\u0648\u0644&nbsp;* \u0627\u0644\u0627\u0633\u0645 \u0627\u0644\u0639\u0627\u0626\u0644\u064a&nbsp;* \u0627\u0633\u0645 \u0627\u0644\u0634\u0631\u0643\u0629&nbsp;(optional) Land \/ Region&nbsp;*Land\/Region ausw\u00e4hlen\u00a0\u2026Afghanistan\u00c4gypten\u00c5landAlbanienAlgerienAmerikanisch-SamoaAmerikanische JungferninselnAndorraAngolaAnguillaAntarktikaAntigua und Barbuda\u00c4quatorialguineaArgentinienArmenienArubaAserbaidschan\u00c4thiopienAustralienBahamasBahrainBangladeschBarbadosBelauBelgienBelizeBeninBermudaBhutanBolivienBonaire, Saint Eustatius and SabaBosnien und HerzegowinaBotswanaBouvetinselBrasilienBritische JungferninselnBritisches Territorium im Indischen OzeanBruneiBulgarienBurkina FasoBurundiChileChinaCookinselnCosta RicaCura&Ccedil;aoD\u00e4nemarkDeutschlandDominicaDominikanische RepublikDschibutiEcuadorEl SalvadorElfenbeink\u00fcsteEritreaEstlandEswatiniFalklandinselnF\u00e4r\u00f6erFidschiFinnlandFrankreichFranz\u00f6sisch-GuayanaFranz\u00f6sisch-PolynesienFranz\u00f6sische S\u00fcd- und AntarktisgebieteGabunGambiaGeorgienGhanaGibraltarGrenadaGriechenlandGr\u00f6nlandGuadeloupeGuamGuatemalaGuernseyGuineaGuinea-BissauGuyanaHaitiHeard und McDonaldinselnHondurasHongkongIndienIndonesienIrakIranIrlandIslandIsle of ManIsraelItalienJamaikaJapanJemenJerseyJordanienKaimaninselnKambodschaKamerunKanadaKap VerdeKasachstanKatarKeniaKirgisistanKiribatiKokosinseln (Keelinginseln)KolumbienKomorenKongo-BrazzavilleKongo-KinshasaKroatienKubaKuwaitLaosLesothoLettlandLibanonLiberiaLibyenLiechtensteinLitauenLuxemburgMacauMadagaskarMalawiMalaysiaMaledivenMaliMaltaMarokkoMarshallinselnMartiniqueMauretanienMauritiusMayotteMexikoMikronesienMoldawienMonacoMongoleiMontenegroMontserratMosambikMyanmarNamibiaNauruNepalNeukaledonienNeuseelandNicaraguaNiederlandeNigerNigeriaNiueNordkoreaN\u00f6rdliche MarianenNordmazedonienNorfolkinselNorwegenOman\u00d6sterreichOsttimorPakistanPal\u00e4stinensische AutonomiegebietePanamaPapua-NeuguineaParaguayPeruPhilippinenPitcairninselnPolenPortugalPuerto RicoR\u00e9unionRuandaRum\u00e4nienRusslandS&atilde;o Tom&eacute; and Pr&iacute;ncipeSaint Barth&eacute;lemySaint Martin (Dutch part)Saint-Pierre und MiquelonSalomonenSambiaSamoaSan MarinoSaudi-ArabienSchwedenSchweizSenegalSerbienSeychellenSierra LeoneSimbabweSingapurSlowakeiSlowenienSomaliaSpanienSri LankaSt. HelenaSt. [&hellip;]<\/p>\n","protected":false},"author":24,"featured_media":0,"parent":0,"menu_order":0,"comment_status":"closed","ping_status":"closed","template":"","meta":{"inline_featured_image":false,"productId":0,"courseId":0,"footnotes":""},"class_list":["post-22277","page","type-page","status-publish","hentry"],"_links":{"self":[{"href":"https:\/\/www.4ever-academy.de\/ar\/wp-json\/wp\/v2\/pages\/22277","targetHints":{"allow":["GET"]}}],"collection":[{"href":"https:\/\/www.4ever-academy.de\/ar\/wp-json\/wp\/v2\/pages"}],"about":[{"href":"https:\/\/www.4ever-academy.de\/ar\/wp-json\/wp\/v2\/types\/page"}],"author":[{"embeddable":true,"href":"https:\/\/www.4ever-academy.de\/ar\/wp-json\/wp\/v2\/users\/24"}],"replies":[{"embeddable":true,"href":"https:\/\/www.4ever-academy.de\/ar\/wp-json\/wp\/v2\/comments?post=22277"}],"version-history":[{"count":1,"href":"https:\/\/www.4ever-academy.de\/ar\/wp-json\/wp\/v2\/pages\/22277\/revisions"}],"predecessor-version":[{"id":22278,"href":"https:\/\/www.4ever-academy.de\/ar\/wp-json\/wp\/v2\/pages\/22277\/revisions\/22278"}],"wp:attachment":[{"href":"https:\/\/www.4ever-academy.de\/ar\/wp-json\/wp\/v2\/media?parent=22277"}],"curies":[{"name":"wp","href":"https:\/\/api.w.org\/{rel}","templated":true}]}}